{"id":5,"date":"2015-12-12T15:31:42","date_gmt":"2015-12-12T14:31:42","guid":{"rendered":"http:\/\/www.sg-goeppingen.de\/neu.sg-goeppingen.de\/?page_id=5"},"modified":"2025-04-09T08:55:01","modified_gmt":"2025-04-09T06:55:01","slug":"about","status":"publish","type":"page","link":"http:\/\/www.sg-goeppingen.de\/neu.sg-goeppingen.de\/about\/","title":{"rendered":"Gremium"},"content":{"rendered":"\n<h2 class=\"wp-block-heading\">Vorstand und Ausschussmitglieder<\/h2>\n\n\n\n<figure class=\"wp-block-table is-style-stripes\"><table class=\"has-fixed-layout\"><tbody><tr><td>1. Vorsitzender (Obersch\u00fctzenmeister)<br><a href=\"mailto:osm@sg-goeppingen.de\">Michael Hinkelmann<\/a> <\/td><td>Stellvertretende Vorsitzende<br>Dr. Christoph Schneider und Andreas M\u00fcller<\/td><td>Schatzmeister<br>Hans-Peter Gruner <\/td><\/tr><tr><td><\/td><td><\/td><td><\/td><\/tr><tr><td>Schriftf\u00fchrer<br><a href=\"mailto:schriftfuehrer@sg-goeppingen.de\">Steffen Mayer<\/a> <\/td><td>1. Sch\u00fctzenmeister (Sportleiter)<br>&#8211;<\/td><td>2. Sch\u00fctzenmeister<br>Frank Schwarz <\/td><\/tr><tr><td><\/td><td><\/td><td><\/td><\/tr><tr><td>Jugendleiter<br><a href=\"mailto:jugendleiter@sg-goeppingen.de\">Sigismund Schultz<\/a> <\/td><td>1. Beisitzer<br>Ulla B\u00e4nisch<\/td><td>2. Beisitzer<br>Daniel Pfeiffer<\/td><\/tr><tr><td><\/td><td><\/td><td><\/td><\/tr><tr><td>3. Beisitzer<br>Stephan B\u00fchler <\/td><td>4. Beisitzer (BDS)<br>Michael Schreiner <\/td><td><\/td><\/tr><tr><td><\/td><td><\/td><td><\/td><\/tr><\/tbody><\/table><\/figure>\n","protected":false},"excerpt":{"rendered":"<p>Vorstand und Ausschussmitglieder 1. Vorsitzender (Obersch\u00fctzenmeister)Michael Hinkelmann Stellvertretende VorsitzendeDr. Christoph Schneider und Andreas M\u00fcller SchatzmeisterHans-Peter Gruner Schriftf\u00fchrerSteffen Mayer 1. Sch\u00fctzenmeister (Sportleiter)&#8211; 2. Sch\u00fctzenmeisterFrank Schwarz JugendleiterSigismund Schultz 1. BeisitzerUlla B\u00e4nisch 2. BeisitzerDaniel Pfeiffer 3. BeisitzerStephan B\u00fchler 4. Beisitzer (BDS)Michael Schreiner<\/p>\n","protected":false},"author":2,"featured_media":0,"parent":0,"menu_order":0,"comment_status":"closed","ping_status":"closed","template":"","meta":{"footnotes":""},"class_list":["post-5","page","type-page","status-publish","hentry"],"_links":{"self":[{"href":"http:\/\/www.sg-goeppingen.de\/neu.sg-goeppingen.de\/wp-json\/wp\/v2\/pages\/5","targetHints":{"allow":["GET"]}}],"collection":[{"href":"http:\/\/www.sg-goeppingen.de\/neu.sg-goeppingen.de\/wp-json\/wp\/v2\/pages"}],"about":[{"href":"http:\/\/www.sg-goeppingen.de\/neu.sg-goeppingen.de\/wp-json\/wp\/v2\/types\/page"}],"author":[{"embeddable":true,"href":"http:\/\/www.sg-goeppingen.de\/neu.sg-goeppingen.de\/wp-json\/wp\/v2\/users\/2"}],"replies":[{"embeddable":true,"href":"http:\/\/www.sg-goeppingen.de\/neu.sg-goeppingen.de\/wp-json\/wp\/v2\/comments?post=5"}],"version-history":[{"count":42,"href":"http:\/\/www.sg-goeppingen.de\/neu.sg-goeppingen.de\/wp-json\/wp\/v2\/pages\/5\/revisions"}],"predecessor-version":[{"id":443,"href":"http:\/\/www.sg-goeppingen.de\/neu.sg-goeppingen.de\/wp-json\/wp\/v2\/pages\/5\/revisions\/443"}],"wp:attachment":[{"href":"http:\/\/www.sg-goeppingen.de\/neu.sg-goeppingen.de\/wp-json\/wp\/v2\/media?parent=5"}],"curies":[{"name":"wp","href":"https:\/\/api.w.org\/{rel}","templated":true}]}}