{"id":42,"date":"2016-02-20T15:53:51","date_gmt":"2016-02-20T14:53:51","guid":{"rendered":"http:\/\/www.sg-goeppingen.de\/neu.sg-goeppingen.de\/?page_id=42"},"modified":"2025-04-05T20:16:55","modified_gmt":"2025-04-05T18:16:55","slug":"schiessanlagen","status":"publish","type":"page","link":"http:\/\/www.sg-goeppingen.de\/neu.sg-goeppingen.de\/schiessanlagen\/","title":{"rendered":"Schie\u00dfanlagen"},"content":{"rendered":"<h2>Verf\u00fcgbare St\u00e4nde<\/h2>\n<ul>\n<li>16\u00a0Luftdruckst\u00e4nde 10 Meter, beheizte Halle, elektrische Seilzuganlage<\/li>\n<li>10 Raumschie\u00dfst\u00e4nde 25 Meter mit Duellanlage, 5 davon f\u00fcr Gro\u00dfkaliber Kurzwaffen<\/li>\n<li>4 Freiluftst\u00e4nde 15m f\u00fcr Zimmerstutzen<\/li>\n<li>6 Freiluftst\u00e4nde 50 Meter f\u00fcr KK-Gewehr oder Freie Pistole<\/li>\n<li>3 Freiluftst\u00e4nde 100 Meter f\u00fcr KK-Gewehr<span class=\"Apple-converted-space\">\u00a0<\/span><\/li>\n<\/ul>\n<h2>Schie\u00dfzeiten<\/h2>\n<ul>\n<li>Mittwochs von 14 Uhr bis 20 Uhr<\/li>\n<li>Samstags von 14 Uhr bis 18 Uhr<\/li>\n<li>Sonntags von 9 Uhr bis 12 Uhr<\/li>\n<\/ul>\n\n\n<figure class=\"wp-block-image size-full\"><img loading=\"lazy\" decoding=\"async\" width=\"535\" height=\"309\" src=\"http:\/\/www.sg-goeppingen.de\/neu.sg-goeppingen.de\/wp-content\/uploads\/2016\/02\/sg_kleinkaliber25m1.jpg\" alt=\"Schie\u00dfkeller 25m\" class=\"wp-image-80\" srcset=\"http:\/\/www.sg-goeppingen.de\/neu.sg-goeppingen.de\/wp-content\/uploads\/2016\/02\/sg_kleinkaliber25m1.jpg 535w, http:\/\/www.sg-goeppingen.de\/neu.sg-goeppingen.de\/wp-content\/uploads\/2016\/02\/sg_kleinkaliber25m1-300x173.jpg 300w, http:\/\/www.sg-goeppingen.de\/neu.sg-goeppingen.de\/wp-content\/uploads\/2016\/02\/sg_kleinkaliber25m1-320x185.jpg 320w\" sizes=\"auto, (max-width: 535px) 100vw, 535px\" \/><figcaption class=\"wp-element-caption\">Schie\u00dfkeller 25m<\/figcaption><\/figure>\n","protected":false},"excerpt":{"rendered":"<p>Verf\u00fcgbare St\u00e4nde 16\u00a0Luftdruckst\u00e4nde 10 Meter, beheizte Halle, elektrische Seilzuganlage 10 Raumschie\u00dfst\u00e4nde 25 Meter mit Duellanlage, 5 davon f\u00fcr Gro\u00dfkaliber Kurzwaffen 4 Freiluftst\u00e4nde 15m f\u00fcr Zimmerstutzen 6 Freiluftst\u00e4nde 50 Meter f\u00fcr KK-Gewehr oder Freie Pistole 3 Freiluftst\u00e4nde 100 Meter f\u00fcr KK-Gewehr\u00a0 Schie\u00dfzeiten Mittwochs von 14 Uhr bis 20 Uhr Samstags von 14 Uhr bis 18 Uhr<a class=\"moretag\" href=\"http:\/\/www.sg-goeppingen.de\/neu.sg-goeppingen.de\/schiessanlagen\/\"><span class=\"screen-reader-text\">Read more about Schie\u00dfanlagen<\/span>[&#8230;]<\/a><\/p>\n","protected":false},"author":1,"featured_media":0,"parent":0,"menu_order":0,"comment_status":"closed","ping_status":"closed","template":"","meta":{"footnotes":""},"class_list":["post-42","page","type-page","status-publish","hentry"],"_links":{"self":[{"href":"http:\/\/www.sg-goeppingen.de\/neu.sg-goeppingen.de\/wp-json\/wp\/v2\/pages\/42","targetHints":{"allow":["GET"]}}],"collection":[{"href":"http:\/\/www.sg-goeppingen.de\/neu.sg-goeppingen.de\/wp-json\/wp\/v2\/pages"}],"about":[{"href":"http:\/\/www.sg-goeppingen.de\/neu.sg-goeppingen.de\/wp-json\/wp\/v2\/types\/page"}],"author":[{"embeddable":true,"href":"http:\/\/www.sg-goeppingen.de\/neu.sg-goeppingen.de\/wp-json\/wp\/v2\/users\/1"}],"replies":[{"embeddable":true,"href":"http:\/\/www.sg-goeppingen.de\/neu.sg-goeppingen.de\/wp-json\/wp\/v2\/comments?post=42"}],"version-history":[{"count":5,"href":"http:\/\/www.sg-goeppingen.de\/neu.sg-goeppingen.de\/wp-json\/wp\/v2\/pages\/42\/revisions"}],"predecessor-version":[{"id":438,"href":"http:\/\/www.sg-goeppingen.de\/neu.sg-goeppingen.de\/wp-json\/wp\/v2\/pages\/42\/revisions\/438"}],"wp:attachment":[{"href":"http:\/\/www.sg-goeppingen.de\/neu.sg-goeppingen.de\/wp-json\/wp\/v2\/media?parent=42"}],"curies":[{"name":"wp","href":"https:\/\/api.w.org\/{rel}","templated":true}]}}