{"id":11,"date":"2016-09-08T12:15:54","date_gmt":"2016-09-08T10:15:54","guid":{"rendered":"http:\/\/www.sg-goeppingen.de\/neu.sg-goeppingen.de\/?page_id=11"},"modified":"2025-04-05T20:19:13","modified_gmt":"2025-04-05T18:19:13","slug":"ergebnisse","status":"publish","type":"page","link":"http:\/\/www.sg-goeppingen.de\/neu.sg-goeppingen.de\/ergebnisse\/","title":{"rendered":"Ergebnisse"},"content":{"rendered":"<div id=\"accordion\">\n<h4><\/h4>\n<h3>Meisterschaften<\/h3>\n<div><a href=\"https:\/\/www.schuetzenkreis.de\/sport\/meisterschaften\" target=\"_blank\" rel=\"noopener\">Kreismeisterschaften Sch\u00fctzenkreis Stauferland<\/a><\/div>\n<div><a href=\"https:\/\/www.wsv1850.de\/sport\/wuem\" target=\"_blank\" rel=\"noopener\">Landesmeisterschaften W\u00fcrttemberg<\/a><\/div>\n<div><a href=\"http:\/\/www.dsb.de\/deutsche_meisterschaften\/\" target=\"_blank\" rel=\"noopener\">Deutsche Meisterschaft &#8211; allgemein<\/a><\/div>\n<div><\/div>\n<div><\/div>\n<h3>Ligen<\/h3>\n<div><a href=\"https:\/\/wsvligen.de\/\" target=\"_blank\" rel=\"noopener\">Ligen des W\u00fcrttembergischen Sch\u00fctzenverbandes<\/a><\/div>\n<div><a href=\"https:\/\/www.schuetzenkreis.de\/sport\/rundenwettkampf\" target=\"_blank\" rel=\"noopener\">Freundschaftsrunde und Rundenwettk\u00e4mpfe des Sch\u00fctzenkreises Stauferland<\/a><\/div>\n<\/div>\n","protected":false},"excerpt":{"rendered":"<p>Meisterschaften Kreismeisterschaften Sch\u00fctzenkreis Stauferland Landesmeisterschaften W\u00fcrttemberg Deutsche Meisterschaft &#8211; allgemein Ligen Ligen des W\u00fcrttembergischen Sch\u00fctzenverbandes Freundschaftsrunde und Rundenwettk\u00e4mpfe des Sch\u00fctzenkreises Stauferland<\/p>\n","protected":false},"author":1,"featured_media":0,"parent":0,"menu_order":0,"comment_status":"closed","ping_status":"closed","template":"","meta":{"footnotes":""},"class_list":["post-11","page","type-page","status-publish","hentry"],"_links":{"self":[{"href":"http:\/\/www.sg-goeppingen.de\/neu.sg-goeppingen.de\/wp-json\/wp\/v2\/pages\/11","targetHints":{"allow":["GET"]}}],"collection":[{"href":"http:\/\/www.sg-goeppingen.de\/neu.sg-goeppingen.de\/wp-json\/wp\/v2\/pages"}],"about":[{"href":"http:\/\/www.sg-goeppingen.de\/neu.sg-goeppingen.de\/wp-json\/wp\/v2\/types\/page"}],"author":[{"embeddable":true,"href":"http:\/\/www.sg-goeppingen.de\/neu.sg-goeppingen.de\/wp-json\/wp\/v2\/users\/1"}],"replies":[{"embeddable":true,"href":"http:\/\/www.sg-goeppingen.de\/neu.sg-goeppingen.de\/wp-json\/wp\/v2\/comments?post=11"}],"version-history":[{"count":15,"href":"http:\/\/www.sg-goeppingen.de\/neu.sg-goeppingen.de\/wp-json\/wp\/v2\/pages\/11\/revisions"}],"predecessor-version":[{"id":439,"href":"http:\/\/www.sg-goeppingen.de\/neu.sg-goeppingen.de\/wp-json\/wp\/v2\/pages\/11\/revisions\/439"}],"wp:attachment":[{"href":"http:\/\/www.sg-goeppingen.de\/neu.sg-goeppingen.de\/wp-json\/wp\/v2\/media?parent=11"}],"curies":[{"name":"wp","href":"https:\/\/api.w.org\/{rel}","templated":true}]}}